{"id":7406,"date":"2025-01-25T12:00:42","date_gmt":"2025-01-25T11:00:42","guid":{"rendered":"https:\/\/www.staging.absology.co\/?post_type=product&#038;p=7406"},"modified":"2026-04-01T12:24:53","modified_gmt":"2026-04-01T10:24:53","slug":"sun-glow","status":"publish","type":"product","link":"https:\/\/absology.co\/it\/sun-glow\/","title":{"rendered":"Sun Glow"},"content":{"rendered":"<p>Tutti noi abbiamo un \u201ccapitale solare\u201d che si esaurisce con il tempo. Quanto pi\u00f9 lunga \u00e8 l&#8217;esposizione al sole, tanto pi\u00f9 il capitale solare si deteriora.<\/p>\n<p><strong>ABSOLOGY\u00ae Sun Glow<\/strong>, grazie ad un&#8217;innovativa combinazione di principi attivi, aiuta ad intensificare l&#8217;abbronzatura naturale della pelle, qualunque sia il fototipo, e a migliorarne la protezione dalle radiazioni solari.<\/p>\n<p>L&#8217;abbronzatura \u00e8 il risultato dell&#8217;attivazione della produzione di melanina, il pigmento naturale della nostra pelle, da parte dei raggi UV.<\/p>\n<p>M\u00e9lanine\u00ae, idrolizzato di cheratina naturalmente ricco di melanina, attiva il principio della melanogenesi che provoca l&#8217;abbronzatura stimolando la pigmentazione naturale della pelle.<\/p>\n<p>Red Orange Complex\u00ae, ottenuto dal succo di tre variet\u00e0 di arancia rossa siciliana \u00e8 in grado di ridurre lo stress ossidativo e proteggere la pelle dai danni indotti dai raggi UV (eritema cutaneo) e di controllare l&#8217;iperpigmentazione (produzione di melanina) e il fotoinvecchiamento.<\/p>\n","protected":false},"excerpt":{"rendered":"<p><strong>Abbronzarsi meglio esponendosi meno\u00a0!<\/strong><\/p>\n<p>\u00c8 questa ricerca senza tempo che Absology\u00ae reinventa con la creazione di un prodotto unico, ad alte prestazioni.<\/p>\n<p><strong>ABSOLOGY\u00ae Sun Glow<\/strong>, grazie ai suoi due principi attivi brevettati altamente performanti, M\u00e9laline\u00ae (idrolizzato di cheratina) e Red Orange Complex\u00ae (estratto di arancia rossa), aiuta a ridurre la durata dell\u2019esposizione al sole per un migliore livello di abbronzatura naturale, preservando cos\u00ec il nostro \u201ccapitale solare\u201d.<\/p>\n<p>Prepara la pelle all\u2019esposizione al sole e favorisce un\u2019abbronzatura omogenea e luminosa.<\/p>\n<p>Risultati visibili dopo 10 giorni.<\/p>\n<p>Il 93% degli utilizzatori \u00e8 soddisfatto dei risultati.<\/p>\n<p><em>L&#8217;assunzione di questo integratore non sostituisce la protezione con un&#8217;adeguata crema solare.<\/em><\/p>\n","protected":false},"featured_media":7461,"comment_status":"open","ping_status":"closed","template":"","meta":{"_acf_changed":false,"inline_featured_image":false},"concerns":[290],"product_brand":[],"product_cat":[15],"product_tag":[225],"class_list":{"0":"post-7406","1":"product","2":"type-product","3":"status-publish","4":"has-post-thumbnail","6":"concerns-sole-senza-danni","7":"product_cat-integratori-alimentari-per-la-pelle","8":"product_tag-best-sellers","10":"first","11":"instock","12":"sale","13":"taxable","14":"shipping-taxable","15":"purchasable","16":"product-type-variable","17":"has-default-attributes"},"acf":[],"_links":{"self":[{"href":"https:\/\/absology.co\/it\/wp-json\/wp\/v2\/product\/7406","targetHints":{"allow":["GET"]}}],"collection":[{"href":"https:\/\/absology.co\/it\/wp-json\/wp\/v2\/product"}],"about":[{"href":"https:\/\/absology.co\/it\/wp-json\/wp\/v2\/types\/product"}],"replies":[{"embeddable":true,"href":"https:\/\/absology.co\/it\/wp-json\/wp\/v2\/comments?post=7406"}],"wp:featuredmedia":[{"embeddable":true,"href":"https:\/\/absology.co\/it\/wp-json\/wp\/v2\/media\/7461"}],"wp:attachment":[{"href":"https:\/\/absology.co\/it\/wp-json\/wp\/v2\/media?parent=7406"}],"wp:term":[{"taxonomy":"concerns","embeddable":true,"href":"https:\/\/absology.co\/it\/wp-json\/wp\/v2\/concerns?post=7406"},{"taxonomy":"product_brand","embeddable":true,"href":"https:\/\/absology.co\/it\/wp-json\/wp\/v2\/product_brand?post=7406"},{"taxonomy":"product_cat","embeddable":true,"href":"https:\/\/absology.co\/it\/wp-json\/wp\/v2\/product_cat?post=7406"},{"taxonomy":"product_tag","embeddable":true,"href":"https:\/\/absology.co\/it\/wp-json\/wp\/v2\/product_tag?post=7406"}],"curies":[{"name":"wp","href":"https:\/\/api.w.org\/{rel}","templated":true}]}}